{"id":326,"date":"2020-08-04T01:00:43","date_gmt":"2020-08-04T01:00:43","guid":{"rendered":"https:\/\/www.slusd.us\/sladultschool\/?page_id=326"},"modified":"2026-04-16T01:40:09","modified_gmt":"2026-04-16T01:40:09","slug":"orientation-registration-ged-en-espanol-presentacion-de-orientacion","status":"publish","type":"page","link":"https:\/\/www.slusd.us\/sladultschool\/programs\/high-school-diploma-ged\/orientation-registration-ged-en-espanol-presentacion-de-orientacion\/","title":{"rendered":"Orientaci\u00f3n e Inscripciones &#8211;                          Cursos de GED en espa\u00f1ol"},"content":{"rendered":"\t\t<div data-elementor-type=\"wp-page\" data-elementor-id=\"326\" class=\"elementor elementor-326\" data-elementor-post-type=\"page\">\n\t\t\t\t\t\t<section class=\"elementor-section elementor-top-section elementor-element elementor-element-4c51ee0a elementor-section-boxed elementor-section-height-default elementor-section-height-default\" data-id=\"4c51ee0a\" data-element_type=\"section\" data-e-type=\"section\">\n\t\t\t\t\t\t<div class=\"elementor-container elementor-column-gap-default\">\n\t\t\t\t\t<div class=\"elementor-column elementor-col-100 elementor-top-column elementor-element elementor-element-21d6896\" data-id=\"21d6896\" data-element_type=\"column\" data-e-type=\"column\">\n\t\t\t<div class=\"elementor-widget-wrap elementor-element-populated\">\n\t\t\t\t\t\t<div class=\"elementor-element elementor-element-1f52c147 elementor-widget elementor-widget-text-editor\" data-id=\"1f52c147\" data-element_type=\"widget\" data-e-type=\"widget\" data-widget_type=\"text-editor.default\">\n\t\t\t\t<div class=\"elementor-widget-container\">\n\t\t\t\t\t\t\t\t\t<p><b>Las inscripciones para las clases de GED en espa\u00f1ol del periodo de la primavera ya se cerraron.\u00a0 <\/b><span style=\"font-weight: 400\">Visite nuestra p\u00e1gina a partir del <\/span><b>4 de junio<\/b><span style=\"font-weight: 400\"> para obtener informaci\u00f3n sobre las clases de <\/span><b>verano <\/b><span style=\"font-weight: 400\">y para programar una cita en que har\u00e1 una prueba de colocaci\u00f3n que ayuda a determinar si su nivel es apropiado para la clase de <\/span><i><span style=\"font-weight: 400\">Preparaci\u00f3n para los ex\u00e1menes de GED.<\/span><\/i><span style=\"font-weight: 400\">\u00a0<\/span><\/p><p><b>La sesi\u00f3n de verano del curso de <\/b><b><i>Preparaci\u00f3n para los ex\u00e1menes de GED<\/i><\/b><b> es en l\u00ednea con clases a partir del 7 de julio por la tarde. <\/b><span style=\"font-weight: 400\">\u00a0<\/span><span style=\"font-weight: 400\">Esta sesi\u00f3n del curso<\/span> <span style=\"font-weight: 400\">se enfocar\u00e1 en c\u00f3mo prepararse para las pruebas de GED en <\/span><i><span style=\"font-weight: 400\">Ciencias Naturales <\/span><\/i><span style=\"font-weight: 400\">y en<\/span><i><span style=\"font-weight: 400\"> Estudios Sociales\u00a0 <\/span><\/i><b><i>La clase presencial de GED Preliminar<\/i><\/b><b> por la tarde<\/b><b><i> y la clase matutina de Preparaci\u00f3n para los ex\u00e1menes de GED <\/i><\/b><b>en l\u00ednea se reanudar\u00e1n en septiembre.<\/b><span style=\"font-weight: 400\">\u00a0<\/span><\/p><p><span style=\"font-weight: 400\">El enfoque de los cursos <\/span><span style=\"font-weight: 400\">de<\/span><b> GED en espa\u00f1ol<\/b><span style=\"font-weight: 400\"> se explica enseguida:<\/span><\/p><p>Para m\u00e1s informaci\u00f3n sobre el proceso de inscripci\u00f3n, llame al (510) 667-6250 de 5 a 9 pm o envie un correo electr\u00f3nico a: <a href=\"mailto:info.slas@slusd.us\">info.slas@slusd.us<\/a><\/p><h4>Para m\u00e1s informaci\u00f3n sobre los cursos de GED en espa\u00f1ol o sobre los ex\u00e1menes y certificaci\u00f3n, utilice el siguiente men\u00fa:<\/h4><p><a>\u00bfQui\u00e9n es elegible para las clases? \u00bfPor qu\u00e9 GED en espa\u00f1ol?<\/a><\/p><p>Las personas mayores de 18 a\u00f1os o las que est\u00e1n a 60 d\u00edas de cumplir 18 a\u00f1os son elegibles. Para quienes no dominan completamente el ingl\u00e9s, esta es una opci\u00f3n en su idioma. El material de las pruebas corresponde a los grados 9\u00ba y 10\u00ba de preparatoria. GED significa Desarrollo de Educaci\u00f3n General, y es un certificado que puede utilizarse como requisito de admisi\u00f3n para ciertas carreras y programas de entrenamiento, incluyendo en los campos m\u00e9dicos y educativos.<\/p><p><a>Pre-GED en espa\u00f1ol <\/a><\/p><ul><li style=\"font-weight: 400\">Clases presenciales en espa\u00f1ol en la Escuela de Adultos de San Leandro<\/li><li style=\"font-weight: 400\">Martes y jueves de 6 a 8:30 de la noche<\/li><li style=\"font-weight: 400\">El curso ha sido dise\u00f1ado para estudiantes biling\u00fces cuyo lenguaje principal es el espa\u00f1ol. El objetivo principal es proporcionar conocimiento acad\u00e9mico en su idioma.<\/li><li style=\"font-weight: 400\">Los martes la clase se enfoca en matem\u00e1ticas b\u00e1sicas.<\/li><li style=\"font-weight: 400\">Los jueves la clase consiste en materias relacionadas a las Artes del lenguaje.<\/li><\/ul><p><a>Curso de preparaci\u00f3n para los ex\u00e1menes de GED en espa\u00f1ol<\/a><\/p><ul><li style=\"font-weight: 400\">Este curso es en l\u00ednea v\u00eda Zoom con sesiones dos veces a la semana: lunes y mi\u00e9rcoles de 9:30 a 11:30 am o, alternativamente, martes y jueves de 6:30 a 8:30 pm.<\/li><li style=\"font-weight: 400\">Se requiere acceso a internet y una cuenta de correo electr\u00f3nico de gmail para poder participar plenamente en la clase con acceso a presentaciones compartidas y la plataforma digital GED Academy en espa\u00f1ol que incluye m\u00e1s lecciones y ex\u00e1menes de pr\u00e1ctica.<\/li><li style=\"font-weight: 400\">Las tareas son obligatorias.<\/li><li style=\"font-weight: 400\">En el periodo de primavera el enfoque es <i>Razonamiento a trav\u00e9s de las Artes del Lenguaje<\/i>.\u00a0 En el trimestre de verano estudiamos <i>Ciencias Naturales<\/i> y <i>Ciencias Sociales<\/i>.\u00a0 En el trimestre de oto\u00f1o los estudios se centran en <i>Aritm\u00e9tica y Estad\u00edstica<\/i> y en el periodo de invierno en <i>\u00c1lgebra y Geometr\u00eda<\/i>.<\/li><\/ul><p><a href=\"mailto:gedesconjoel22@gmail.com\">Para ver la agenda del pr\u00f3ximo curso trimestral, comun\u00edquese con el maestro Joel: gedesconjoel22@gmail.com<\/a> \u00a0 \u00a0y mencione si prefiere estudiar por la ma\u00f1ana o por la tarde.<\/p><p><a>\u00bfQu\u00e9 se requiere para obtener un certificado de GED?<\/a><\/p><p>Se requiere que los candidatos pasen los 4 ex\u00e1menes.\u00a0 Los 4 ex\u00e1menes son por computadora y cuestan $35 cada uno si se toman en un centro de ex\u00e1menes o $41 en l\u00ednea desde su casa.\u00a0 Para programar una cita y tomar los ex\u00e1menes, se debe registrar en la p\u00e1gina <b>ged.com.<\/b>\u00a0 Los centros de ex\u00e1menes incluyen las escuelas de adultos en Hayward, Castro Valley, Alameda y Oakland. \u00a0 Las pruebas miden su habilidad y conocimiento a nivel de preparatoria en las 4 siguientes \u00e1reas:<\/p><ul><li style=\"font-weight: 400\">Razonamiento a trav\u00e9s de las Artes del Lenguaje<\/li><li style=\"font-weight: 400\">Ciencias Sociales<\/li><li style=\"font-weight: 400\">Ciencias Naturales<\/li><li style=\"font-weight: 400\">Matem\u00e1ticas<\/li><\/ul><p><a>Beneficios de las clases de preparaci\u00f3n<\/a><\/p><ul><li style=\"font-weight: 400\">Ahorre dinero. Los ex\u00e1menes cuestan $35 cada uno en el primer intento. El segundo y tercer intento cuestan $15.<\/li><li style=\"font-weight: 400\">Adquiera estrategias para tomar los ex\u00e1menes.<\/li><li style=\"font-weight: 400\">Aprenda a organizar su tiempo.<\/li><li style=\"font-weight: 400\">Reciba atenci\u00f3n individualizada del maestro, acceso a programas y presentaciones digitales, recomendaciones de estudio y la posibilidad de colaboraci\u00f3n con los compa\u00f1eros de clase.<\/li><li style=\"font-weight: 400\">\u00a1Las clases son gratuitas!<\/li><\/ul><p><em><strong>Gracias por su inter\u00e9s en nuestro programa.<\/strong><\/em><\/p><div>\u00a0<\/div><div>\u00a0primaveral<\/div>\t\t\t\t\t\t\t\t<\/div>\n\t\t\t\t<\/div>\n\t\t\t\t\t<\/div>\n\t\t<\/div>\n\t\t\t\t\t<\/div>\n\t\t<\/section>\n\t\t<div class=\"elementor-element elementor-element-e48712b e-flex e-con-boxed e-con e-parent\" data-id=\"e48712b\" data-element_type=\"container\" data-e-type=\"container\">\n\t\t\t\t\t<div class=\"e-con-inner\">\n\t\t\t\t<div class=\"elementor-element elementor-element-17996d0 elementor-widget elementor-widget-text-editor\" data-id=\"17996d0\" data-element_type=\"widget\" data-e-type=\"widget\" data-widget_type=\"text-editor.default\">\n\t\t\t\t<div class=\"elementor-widget-container\">\n\t\t\t\t\t\t\t\t\t<p>Lorem ipsum dolor sit amet, consectetur adipiscing elit. Ut elit tellus, luctus nec ullamcorper mattis, pulvinar dapibus leo.<\/p>\t\t\t\t\t\t\t\t<\/div>\n\t\t\t\t<\/div>\n\t\t\t\t\t<\/div>\n\t\t\t\t<\/div>\n\t\t\t\t<\/div>\n\t\t","protected":false},"excerpt":{"rendered":"<p>Las inscripciones para las clases de GED en espa\u00f1ol del periodo de la primavera ya se cerraron.\u00a0 Visite nuestra p\u00e1gina a partir del 4 de junio para obtener informaci\u00f3n sobre las clases de verano y para programar una cita en que har\u00e1 una prueba de colocaci\u00f3n que ayuda a determinar si su nivel es apropiado [&hellip;]<\/p>\n","protected":false},"author":3,"featured_media":0,"parent":121,"menu_order":1,"comment_status":"closed","ping_status":"closed","template":"","meta":{"_lmt_disableupdate":"","_lmt_disable":"","cybocfi_hide_featured_image":"","footnotes":""},"class_list":["post-326","page","type-page","status-publish","hentry"],"yoast_head":"<!-- This site is optimized with the Yoast SEO plugin v27.3 - https:\/\/yoast.com\/product\/yoast-seo-wordpress\/ -->\n<title>Orientaci\u00f3n e Inscripciones -             Cursos de GED en espa\u00f1ol - San Leandro Adult and Career Education Center<\/title>\n<meta name=\"robots\" content=\"index, follow, max-snippet:-1, max-image-preview:large, max-video-preview:-1\" \/>\n<link rel=\"canonical\" href=\"https:\/\/www.slusd.us\/sladultschool\/programs\/high-school-diploma-ged\/orientation-registration-ged-en-espanol-presentacion-de-orientacion\/\" \/>\n<meta property=\"og:locale\" content=\"en_US\" \/>\n<meta property=\"og:type\" content=\"article\" \/>\n<meta property=\"og:title\" content=\"Orientaci\u00f3n e Inscripciones -             Cursos de GED en espa\u00f1ol - San Leandro Adult and Career Education Center\" \/>\n<meta property=\"og:description\" content=\"Las inscripciones para las clases de GED en espa\u00f1ol del periodo de la primavera ya se cerraron.\u00a0 Visite nuestra p\u00e1gina a partir del 4 de junio para obtener informaci\u00f3n sobre las clases de verano y para programar una cita en que har\u00e1 una prueba de colocaci\u00f3n que ayuda a determinar si su nivel es apropiado [&hellip;]\" \/>\n<meta property=\"og:url\" content=\"https:\/\/www.slusd.us\/sladultschool\/programs\/high-school-diploma-ged\/orientation-registration-ged-en-espanol-presentacion-de-orientacion\/\" \/>\n<meta property=\"og:site_name\" content=\"San Leandro Adult and Career Education Center\" \/>\n<meta property=\"article:modified_time\" content=\"2026-04-16T01:40:09+00:00\" \/>\n<meta name=\"twitter:card\" content=\"summary_large_image\" \/>\n<meta name=\"twitter:label1\" content=\"Est. reading time\" \/>\n\t<meta name=\"twitter:data1\" content=\"4 minutes\" \/>\n<script type=\"application\/ld+json\" class=\"yoast-schema-graph\">{\"@context\":\"https:\\\/\\\/schema.org\",\"@graph\":[{\"@type\":\"WebPage\",\"@id\":\"https:\\\/\\\/www.slusd.us\\\/sladultschool\\\/programs\\\/high-school-diploma-ged\\\/orientation-registration-ged-en-espanol-presentacion-de-orientacion\\\/\",\"url\":\"https:\\\/\\\/www.slusd.us\\\/sladultschool\\\/programs\\\/high-school-diploma-ged\\\/orientation-registration-ged-en-espanol-presentacion-de-orientacion\\\/\",\"name\":\"Orientaci\u00f3n e Inscripciones - Cursos de GED en espa\u00f1ol - San Leandro Adult and Career Education Center\",\"isPartOf\":{\"@id\":\"https:\\\/\\\/www.slusd.us\\\/sladultschool\\\/#website\"},\"datePublished\":\"2020-08-04T01:00:43+00:00\",\"dateModified\":\"2026-04-16T01:40:09+00:00\",\"breadcrumb\":{\"@id\":\"https:\\\/\\\/www.slusd.us\\\/sladultschool\\\/programs\\\/high-school-diploma-ged\\\/orientation-registration-ged-en-espanol-presentacion-de-orientacion\\\/#breadcrumb\"},\"inLanguage\":\"en-US\",\"potentialAction\":[{\"@type\":\"ReadAction\",\"target\":[\"https:\\\/\\\/www.slusd.us\\\/sladultschool\\\/programs\\\/high-school-diploma-ged\\\/orientation-registration-ged-en-espanol-presentacion-de-orientacion\\\/\"]}]},{\"@type\":\"BreadcrumbList\",\"@id\":\"https:\\\/\\\/www.slusd.us\\\/sladultschool\\\/programs\\\/high-school-diploma-ged\\\/orientation-registration-ged-en-espanol-presentacion-de-orientacion\\\/#breadcrumb\",\"itemListElement\":[{\"@type\":\"ListItem\",\"position\":1,\"name\":\"Home\",\"item\":\"https:\\\/\\\/www.slusd.us\\\/sladultschool\\\/\"},{\"@type\":\"ListItem\",\"position\":2,\"name\":\"Programs\",\"item\":\"https:\\\/\\\/www.slusd.us\\\/sladultschool\\\/programs\\\/\"},{\"@type\":\"ListItem\",\"position\":3,\"name\":\"High School Diploma &#038; GED\",\"item\":\"https:\\\/\\\/www.slusd.us\\\/sladultschool\\\/programs\\\/high-school-diploma-ged\\\/\"},{\"@type\":\"ListItem\",\"position\":4,\"name\":\"Orientaci\u00f3n e Inscripciones &#8211; Cursos de GED en espa\u00f1ol\"}]},{\"@type\":\"WebSite\",\"@id\":\"https:\\\/\\\/www.slusd.us\\\/sladultschool\\\/#website\",\"url\":\"https:\\\/\\\/www.slusd.us\\\/sladultschool\\\/\",\"name\":\"San Leandro Adult and Career Education Center\",\"description\":\"\",\"publisher\":{\"@id\":\"https:\\\/\\\/www.slusd.us\\\/sladultschool\\\/#organization\"},\"potentialAction\":[{\"@type\":\"SearchAction\",\"target\":{\"@type\":\"EntryPoint\",\"urlTemplate\":\"https:\\\/\\\/www.slusd.us\\\/sladultschool\\\/?s={search_term_string}\"},\"query-input\":{\"@type\":\"PropertyValueSpecification\",\"valueRequired\":true,\"valueName\":\"search_term_string\"}}],\"inLanguage\":\"en-US\"},{\"@type\":\"Organization\",\"@id\":\"https:\\\/\\\/www.slusd.us\\\/sladultschool\\\/#organization\",\"name\":\"San Leandro Adult and Career Education Center\",\"url\":\"https:\\\/\\\/www.slusd.us\\\/sladultschool\\\/\",\"logo\":{\"@type\":\"ImageObject\",\"inLanguage\":\"en-US\",\"@id\":\"https:\\\/\\\/www.slusd.us\\\/sladultschool\\\/#\\\/schema\\\/logo\\\/image\\\/\",\"url\":\"https:\\\/\\\/www.slusd.us\\\/sladultschool\\\/wp-content\\\/uploads\\\/sites\\\/14\\\/2022\\\/07\\\/cropped-SLACEC_logo_rgb_horiz_lightBG_hrz_gray_outline-e1757386947134.png\",\"contentUrl\":\"https:\\\/\\\/www.slusd.us\\\/sladultschool\\\/wp-content\\\/uploads\\\/sites\\\/14\\\/2022\\\/07\\\/cropped-SLACEC_logo_rgb_horiz_lightBG_hrz_gray_outline-e1757386947134.png\",\"width\":350,\"height\":350,\"caption\":\"San Leandro Adult and Career Education Center\"},\"image\":{\"@id\":\"https:\\\/\\\/www.slusd.us\\\/sladultschool\\\/#\\\/schema\\\/logo\\\/image\\\/\"}}]}<\/script>\n<!-- \/ Yoast SEO plugin. -->","yoast_head_json":{"title":"Orientaci\u00f3n e Inscripciones -             Cursos de GED en espa\u00f1ol - San Leandro Adult and Career Education Center","robots":{"index":"index","follow":"follow","max-snippet":"max-snippet:-1","max-image-preview":"max-image-preview:large","max-video-preview":"max-video-preview:-1"},"canonical":"https:\/\/www.slusd.us\/sladultschool\/programs\/high-school-diploma-ged\/orientation-registration-ged-en-espanol-presentacion-de-orientacion\/","og_locale":"en_US","og_type":"article","og_title":"Orientaci\u00f3n e Inscripciones -             Cursos de GED en espa\u00f1ol - San Leandro Adult and Career Education Center","og_description":"Las inscripciones para las clases de GED en espa\u00f1ol del periodo de la primavera ya se cerraron.\u00a0 Visite nuestra p\u00e1gina a partir del 4 de junio para obtener informaci\u00f3n sobre las clases de verano y para programar una cita en que har\u00e1 una prueba de colocaci\u00f3n que ayuda a determinar si su nivel es apropiado [&hellip;]","og_url":"https:\/\/www.slusd.us\/sladultschool\/programs\/high-school-diploma-ged\/orientation-registration-ged-en-espanol-presentacion-de-orientacion\/","og_site_name":"San Leandro Adult and Career Education Center","article_modified_time":"2026-04-16T01:40:09+00:00","twitter_card":"summary_large_image","twitter_misc":{"Est. reading time":"4 minutes"},"schema":{"@context":"https:\/\/schema.org","@graph":[{"@type":"WebPage","@id":"https:\/\/www.slusd.us\/sladultschool\/programs\/high-school-diploma-ged\/orientation-registration-ged-en-espanol-presentacion-de-orientacion\/","url":"https:\/\/www.slusd.us\/sladultschool\/programs\/high-school-diploma-ged\/orientation-registration-ged-en-espanol-presentacion-de-orientacion\/","name":"Orientaci\u00f3n e Inscripciones - Cursos de GED en espa\u00f1ol - San Leandro Adult and Career Education Center","isPartOf":{"@id":"https:\/\/www.slusd.us\/sladultschool\/#website"},"datePublished":"2020-08-04T01:00:43+00:00","dateModified":"2026-04-16T01:40:09+00:00","breadcrumb":{"@id":"https:\/\/www.slusd.us\/sladultschool\/programs\/high-school-diploma-ged\/orientation-registration-ged-en-espanol-presentacion-de-orientacion\/#breadcrumb"},"inLanguage":"en-US","potentialAction":[{"@type":"ReadAction","target":["https:\/\/www.slusd.us\/sladultschool\/programs\/high-school-diploma-ged\/orientation-registration-ged-en-espanol-presentacion-de-orientacion\/"]}]},{"@type":"BreadcrumbList","@id":"https:\/\/www.slusd.us\/sladultschool\/programs\/high-school-diploma-ged\/orientation-registration-ged-en-espanol-presentacion-de-orientacion\/#breadcrumb","itemListElement":[{"@type":"ListItem","position":1,"name":"Home","item":"https:\/\/www.slusd.us\/sladultschool\/"},{"@type":"ListItem","position":2,"name":"Programs","item":"https:\/\/www.slusd.us\/sladultschool\/programs\/"},{"@type":"ListItem","position":3,"name":"High School Diploma &#038; GED","item":"https:\/\/www.slusd.us\/sladultschool\/programs\/high-school-diploma-ged\/"},{"@type":"ListItem","position":4,"name":"Orientaci\u00f3n e Inscripciones &#8211; Cursos de GED en espa\u00f1ol"}]},{"@type":"WebSite","@id":"https:\/\/www.slusd.us\/sladultschool\/#website","url":"https:\/\/www.slusd.us\/sladultschool\/","name":"San Leandro Adult and Career Education Center","description":"","publisher":{"@id":"https:\/\/www.slusd.us\/sladultschool\/#organization"},"potentialAction":[{"@type":"SearchAction","target":{"@type":"EntryPoint","urlTemplate":"https:\/\/www.slusd.us\/sladultschool\/?s={search_term_string}"},"query-input":{"@type":"PropertyValueSpecification","valueRequired":true,"valueName":"search_term_string"}}],"inLanguage":"en-US"},{"@type":"Organization","@id":"https:\/\/www.slusd.us\/sladultschool\/#organization","name":"San Leandro Adult and Career Education Center","url":"https:\/\/www.slusd.us\/sladultschool\/","logo":{"@type":"ImageObject","inLanguage":"en-US","@id":"https:\/\/www.slusd.us\/sladultschool\/#\/schema\/logo\/image\/","url":"https:\/\/www.slusd.us\/sladultschool\/wp-content\/uploads\/sites\/14\/2022\/07\/cropped-SLACEC_logo_rgb_horiz_lightBG_hrz_gray_outline-e1757386947134.png","contentUrl":"https:\/\/www.slusd.us\/sladultschool\/wp-content\/uploads\/sites\/14\/2022\/07\/cropped-SLACEC_logo_rgb_horiz_lightBG_hrz_gray_outline-e1757386947134.png","width":350,"height":350,"caption":"San Leandro Adult and Career Education Center"},"image":{"@id":"https:\/\/www.slusd.us\/sladultschool\/#\/schema\/logo\/image\/"}}]}},"_links":{"self":[{"href":"https:\/\/www.slusd.us\/sladultschool\/wp-json\/wp\/v2\/pages\/326","targetHints":{"allow":["GET"]}}],"collection":[{"href":"https:\/\/www.slusd.us\/sladultschool\/wp-json\/wp\/v2\/pages"}],"about":[{"href":"https:\/\/www.slusd.us\/sladultschool\/wp-json\/wp\/v2\/types\/page"}],"author":[{"embeddable":true,"href":"https:\/\/www.slusd.us\/sladultschool\/wp-json\/wp\/v2\/users\/3"}],"replies":[{"embeddable":true,"href":"https:\/\/www.slusd.us\/sladultschool\/wp-json\/wp\/v2\/comments?post=326"}],"version-history":[{"count":10,"href":"https:\/\/www.slusd.us\/sladultschool\/wp-json\/wp\/v2\/pages\/326\/revisions"}],"predecessor-version":[{"id":4808,"href":"https:\/\/www.slusd.us\/sladultschool\/wp-json\/wp\/v2\/pages\/326\/revisions\/4808"}],"up":[{"embeddable":true,"href":"https:\/\/www.slusd.us\/sladultschool\/wp-json\/wp\/v2\/pages\/121"}],"wp:attachment":[{"href":"https:\/\/www.slusd.us\/sladultschool\/wp-json\/wp\/v2\/media?parent=326"}],"curies":[{"name":"wp","href":"https:\/\/api.w.org\/{rel}","templated":true}]}}