{"id":83,"date":"2020-04-27T02:46:29","date_gmt":"2020-04-27T02:46:29","guid":{"rendered":"http:\/\/webdemo.slusd.us\/madison\/families-community\/meet-our-parent-facilitator\/"},"modified":"2023-01-13T19:34:26","modified_gmt":"2023-01-13T19:34:26","slug":"meet-our-parent-facilitator","status":"publish","type":"page","link":"https:\/\/www.slusd.us\/madison\/families-community\/meet-our-parent-facilitator\/","title":{"rendered":"Meet our Parent Facilitator"},"content":{"rendered":"\t\t<div data-elementor-type=\"wp-page\" data-elementor-id=\"83\" class=\"elementor elementor-83\" data-elementor-post-type=\"page\">\n\t\t\t\t\t\t<section class=\"elementor-section elementor-top-section elementor-element elementor-element-772ad271 elementor-section-boxed elementor-section-height-default elementor-section-height-default\" data-id=\"772ad271\" data-element_type=\"section\" data-e-type=\"section\">\n\t\t\t\t\t\t<div class=\"elementor-container elementor-column-gap-default\">\n\t\t\t\t\t<div class=\"elementor-column elementor-col-100 elementor-top-column elementor-element elementor-element-649d5c26\" data-id=\"649d5c26\" data-element_type=\"column\" data-e-type=\"column\">\n\t\t\t<div class=\"elementor-widget-wrap elementor-element-populated\">\n\t\t\t\t\t\t<div class=\"elementor-element elementor-element-b7722ca elementor-widget elementor-widget-image\" data-id=\"b7722ca\" data-element_type=\"widget\" data-e-type=\"widget\" data-widget_type=\"image.default\">\n\t\t\t\t<div class=\"elementor-widget-container\">\n\t\t\t\t\t\t\t\t\t\t\t\t\t\t\t<img fetchpriority=\"high\" decoding=\"async\" width=\"800\" height=\"600\" src=\"https:\/\/www.slusd.us\/madison\/wp-content\/uploads\/sites\/4\/2021\/09\/C648A747-9C02-4A3C-94FF-798A0BB2A08E_1_105_c.jpeg\" class=\"attachment-large size-large wp-image-1344\" alt=\"\" srcset=\"https:\/\/www.slusd.us\/madison\/wp-content\/uploads\/sites\/4\/2021\/09\/C648A747-9C02-4A3C-94FF-798A0BB2A08E_1_105_c.jpeg 1024w, https:\/\/www.slusd.us\/madison\/wp-content\/uploads\/sites\/4\/2021\/09\/C648A747-9C02-4A3C-94FF-798A0BB2A08E_1_105_c-300x225.jpeg 300w, https:\/\/www.slusd.us\/madison\/wp-content\/uploads\/sites\/4\/2021\/09\/C648A747-9C02-4A3C-94FF-798A0BB2A08E_1_105_c-768x576.jpeg 768w\" sizes=\"(max-width: 800px) 100vw, 800px\" \/>\t\t\t\t\t\t\t\t\t\t\t\t\t\t\t<\/div>\n\t\t\t\t<\/div>\n\t\t\t\t<div class=\"elementor-element elementor-element-4cfc4e2e elementor-widget elementor-widget-text-editor\" data-id=\"4cfc4e2e\" data-element_type=\"widget\" data-e-type=\"widget\" data-widget_type=\"text-editor.default\">\n\t\t\t\t<div class=\"elementor-widget-container\">\n\t\t\t\t\t\t\t\t\t<p><\/p>\n<pre class=\"wp-block-preformatted\">My name is Alejandra Moran and I want to introduce myself as your Parent Facilitator at James Madison Elementary. I look forward in assisting families, teachers and administrators in supporting student achievement and community engagement. I am excited to be the primary link between families and school staff. I look forward to working with the Madison community and make this an exceptional year.\n\u00a0\nFor school related questions and concerns feel free to contact me\n\u00a0\nat (510) 895-7944 ext. 3053 or email <strong>amoran@slusd.us<\/strong>\n\nMi nombre es Alejandra Moran y quiero presentarme como su ParentFacilitator en James Madison Elementary. Espero con ansias ayudar a las familias, maestros y administradores a apoyar el logro estudiantil y la participaci\u00f3n de la comunidad. Estoy emocionado de ser el v\u00ednculo principal entre las familias y el personal escolar. Espero con inter\u00e9s trabajar con la comunidad de Madison y hacer de este un a\u00f1o excepcional.\n\nPara preguntas y preocupaciones relacionadas con la escuela, no dude en ponerse en contacto conmigo\n\nal (510) 895-7944 ext. 3053 o envie correo electronico <strong>amoran@slusd.us<\/strong>\n\nW\u01d2 de m\u00edngz\u00ec ji\u00e0o Alejandra Moran, w\u01d2 xi\u01ceng ji\u00e8sh\u00e0o z\u00ecj\u01d0 zu\u00f2w\u00e9i James Madison Elementary de ParentFacilitator. W\u01d2 q\u00edd\u00e0izhu\u00f3 xi\u00e9zh\u00f9 ji\u0101t\u00edng, ji\u00e0osh\u012b h\u00e9 gu\u01cenl\u01d0 r\u00e9nyu\u00e1n zh\u012bch\u00ed xu\u00e9sh\u0113ng de ch\u00e9ngji\u00f9 h\u00e9 sh\u00e8q\u016b c\u0101ny\u00f9. W\u01d2 h\u011bn g\u0101ox\u00ecng ch\u00e9ngw\u00e9i ji\u0101t\u00edng y\u01d4 xu\u00e9xi\u00e0o zh\u00edyu\u00e1n zh\u012b ji\u0101n de zh\u01d4y\u00e0o ni\u01d4d\u00e0i. W\u01d2 q\u00edd\u00e0izhu\u00f3 y\u01d4 m\u00e0id\u00ed x\u00f9n sh\u00e8q\u016b de h\u00e9zu\u00f2, b\u00ecng ji\u0101ng zh\u00e8 y\u012b ni\u00e1n zu\u00f2w\u00e9i f\u0113if\u00e1n de y\u012b ni\u00e1n. Du\u00ecy\u00fa xu\u00e9xi\u00e0o xi\u0101nggu\u0101n de w\u00e8nt\u00ed h\u00e9 y\u00edl\u01dc, q\u01d0ng su\u00edsh\u00ed y\u01d4 w\u01d2 li\u00e1nx\u00ec z\u00e0i (510)895-7944 f\u0113nj\u012b. 3053 \/ <strong>amoran@slusd.us<\/strong><\/pre>\n<p><\/p>\n<div id=\"sw-content-layout-wrapper\" class=\"ui-sp ui-print\" role=\"main\">\n<div id=\"sw-content-layout1\">\n<div id=\"sw-content-container1\" class=\"ui-column-one region\">\n<div id=\"pmi-10142\">\n<div id=\"sw-module-101610\">\n<div id=\"module-content-10161\">\n<div class=\"ui-widget app flexpage last-app\">\n<div class=\"ui-widget-detail\">\n<div class=\"ui-article last-article\">\n<div class=\"ui-article-description\">\u00a0<\/div>\n<div class=\"clear\">\u00a0<\/div>\n<\/div>\n<\/div>\n<div class=\"ui-widget-footer\">\n<div class=\"clear\">\u00a0<\/div>\n<\/div>\n<\/div>\n<\/div>\n<\/div>\n<\/div>\n<\/div>\n<div class=\"clear\">\u00a0<\/div>\n<\/div>\n<\/div>\n<p><\/p>\n<p><\/p>\t\t\t\t\t\t\t\t<\/div>\n\t\t\t\t<\/div>\n\t\t\t\t\t<\/div>\n\t\t<\/div>\n\t\t\t\t\t<\/div>\n\t\t<\/section>\n\t\t\t\t<\/div>\n\t\t","protected":false},"excerpt":{"rendered":"<p>My name is Alejandra Moran and I want to introduce myself as your Parent Facilitator at James Madison Elementary. I look forward in assisting families, teachers and administrators in supporting student achievement and community engagement. I am excited to be the primary link between families and school staff. I look forward to working with the [&hellip;]<\/p>\n","protected":false},"author":1,"featured_media":0,"parent":76,"menu_order":0,"comment_status":"closed","ping_status":"closed","template":"","meta":{"_lmt_disableupdate":"","_lmt_disable":"","cybocfi_hide_featured_image":"","footnotes":""},"class_list":["post-83","page","type-page","status-publish","hentry"],"yoast_head":"<!-- This site is optimized with the Yoast SEO plugin v27.3 - https:\/\/yoast.com\/product\/yoast-seo-wordpress\/ -->\n<title>Meet our Parent Facilitator - Madison Elementary<\/title>\n<meta name=\"robots\" content=\"index, follow, max-snippet:-1, max-image-preview:large, max-video-preview:-1\" \/>\n<link rel=\"canonical\" href=\"https:\/\/www.slusd.us\/madison\/families-community\/meet-our-parent-facilitator\/\" \/>\n<meta property=\"og:locale\" content=\"en_US\" \/>\n<meta property=\"og:type\" content=\"article\" \/>\n<meta property=\"og:title\" content=\"Meet our Parent Facilitator - Madison Elementary\" \/>\n<meta property=\"og:description\" content=\"My name is Alejandra Moran and I want to introduce myself as your Parent Facilitator at James Madison Elementary. I look forward in assisting families, teachers and administrators in supporting student achievement and community engagement. I am excited to be the primary link between families and school staff. I look forward to working with the [&hellip;]\" \/>\n<meta property=\"og:url\" content=\"https:\/\/www.slusd.us\/madison\/families-community\/meet-our-parent-facilitator\/\" \/>\n<meta property=\"og:site_name\" content=\"Madison Elementary\" \/>\n<meta property=\"article:modified_time\" content=\"2023-01-13T19:34:26+00:00\" \/>\n<meta property=\"og:image\" content=\"https:\/\/www.slusd.us\/madison\/wp-content\/uploads\/sites\/4\/2021\/09\/C648A747-9C02-4A3C-94FF-798A0BB2A08E_1_105_c.jpeg\" \/>\n<meta name=\"twitter:card\" content=\"summary_large_image\" \/>\n<meta name=\"twitter:label1\" content=\"Est. reading time\" \/>\n\t<meta name=\"twitter:data1\" content=\"2 minutes\" \/>\n<script type=\"application\/ld+json\" class=\"yoast-schema-graph\">{\"@context\":\"https:\\\/\\\/schema.org\",\"@graph\":[{\"@type\":\"WebPage\",\"@id\":\"https:\\\/\\\/www.slusd.us\\\/madison\\\/families-community\\\/meet-our-parent-facilitator\\\/\",\"url\":\"https:\\\/\\\/www.slusd.us\\\/madison\\\/families-community\\\/meet-our-parent-facilitator\\\/\",\"name\":\"Meet our Parent Facilitator - Madison Elementary\",\"isPartOf\":{\"@id\":\"https:\\\/\\\/www.slusd.us\\\/madison\\\/#website\"},\"primaryImageOfPage\":{\"@id\":\"https:\\\/\\\/www.slusd.us\\\/madison\\\/families-community\\\/meet-our-parent-facilitator\\\/#primaryimage\"},\"image\":{\"@id\":\"https:\\\/\\\/www.slusd.us\\\/madison\\\/families-community\\\/meet-our-parent-facilitator\\\/#primaryimage\"},\"thumbnailUrl\":\"https:\\\/\\\/www.slusd.us\\\/madison\\\/wp-content\\\/uploads\\\/sites\\\/4\\\/2021\\\/09\\\/C648A747-9C02-4A3C-94FF-798A0BB2A08E_1_105_c.jpeg\",\"datePublished\":\"2020-04-27T02:46:29+00:00\",\"dateModified\":\"2023-01-13T19:34:26+00:00\",\"breadcrumb\":{\"@id\":\"https:\\\/\\\/www.slusd.us\\\/madison\\\/families-community\\\/meet-our-parent-facilitator\\\/#breadcrumb\"},\"inLanguage\":\"en-US\",\"potentialAction\":[{\"@type\":\"ReadAction\",\"target\":[\"https:\\\/\\\/www.slusd.us\\\/madison\\\/families-community\\\/meet-our-parent-facilitator\\\/\"]}]},{\"@type\":\"ImageObject\",\"inLanguage\":\"en-US\",\"@id\":\"https:\\\/\\\/www.slusd.us\\\/madison\\\/families-community\\\/meet-our-parent-facilitator\\\/#primaryimage\",\"url\":\"https:\\\/\\\/www.slusd.us\\\/madison\\\/wp-content\\\/uploads\\\/sites\\\/4\\\/2021\\\/09\\\/C648A747-9C02-4A3C-94FF-798A0BB2A08E_1_105_c.jpeg\",\"contentUrl\":\"https:\\\/\\\/www.slusd.us\\\/madison\\\/wp-content\\\/uploads\\\/sites\\\/4\\\/2021\\\/09\\\/C648A747-9C02-4A3C-94FF-798A0BB2A08E_1_105_c.jpeg\",\"width\":1024,\"height\":768},{\"@type\":\"BreadcrumbList\",\"@id\":\"https:\\\/\\\/www.slusd.us\\\/madison\\\/families-community\\\/meet-our-parent-facilitator\\\/#breadcrumb\",\"itemListElement\":[{\"@type\":\"ListItem\",\"position\":1,\"name\":\"Home\",\"item\":\"https:\\\/\\\/www.slusd.us\\\/madison\\\/\"},{\"@type\":\"ListItem\",\"position\":2,\"name\":\"Families &#038; Community\",\"item\":\"https:\\\/\\\/www.slusd.us\\\/madison\\\/families-community\\\/\"},{\"@type\":\"ListItem\",\"position\":3,\"name\":\"Meet our Parent Facilitator\"}]},{\"@type\":\"WebSite\",\"@id\":\"https:\\\/\\\/www.slusd.us\\\/madison\\\/#website\",\"url\":\"https:\\\/\\\/www.slusd.us\\\/madison\\\/\",\"name\":\"Madison Elementary\",\"description\":\"Attitude, Skills, Knowledge\",\"publisher\":{\"@id\":\"https:\\\/\\\/www.slusd.us\\\/madison\\\/#organization\"},\"potentialAction\":[{\"@type\":\"SearchAction\",\"target\":{\"@type\":\"EntryPoint\",\"urlTemplate\":\"https:\\\/\\\/www.slusd.us\\\/madison\\\/?s={search_term_string}\"},\"query-input\":{\"@type\":\"PropertyValueSpecification\",\"valueRequired\":true,\"valueName\":\"search_term_string\"}}],\"inLanguage\":\"en-US\"},{\"@type\":\"Organization\",\"@id\":\"https:\\\/\\\/www.slusd.us\\\/madison\\\/#organization\",\"name\":\"Madison Elementary\",\"url\":\"https:\\\/\\\/www.slusd.us\\\/madison\\\/\",\"logo\":{\"@type\":\"ImageObject\",\"inLanguage\":\"en-US\",\"@id\":\"https:\\\/\\\/www.slusd.us\\\/madison\\\/#\\\/schema\\\/logo\\\/image\\\/\",\"url\":\"https:\\\/\\\/www.slusd.us\\\/madison\\\/wp-content\\\/uploads\\\/sites\\\/4\\\/2020\\\/04\\\/JamesMadison.png\",\"contentUrl\":\"https:\\\/\\\/www.slusd.us\\\/madison\\\/wp-content\\\/uploads\\\/sites\\\/4\\\/2020\\\/04\\\/JamesMadison.png\",\"width\":104,\"height\":118,\"caption\":\"Madison Elementary\"},\"image\":{\"@id\":\"https:\\\/\\\/www.slusd.us\\\/madison\\\/#\\\/schema\\\/logo\\\/image\\\/\"}}]}<\/script>\n<!-- \/ Yoast SEO plugin. -->","yoast_head_json":{"title":"Meet our Parent Facilitator - Madison Elementary","robots":{"index":"index","follow":"follow","max-snippet":"max-snippet:-1","max-image-preview":"max-image-preview:large","max-video-preview":"max-video-preview:-1"},"canonical":"https:\/\/www.slusd.us\/madison\/families-community\/meet-our-parent-facilitator\/","og_locale":"en_US","og_type":"article","og_title":"Meet our Parent Facilitator - Madison Elementary","og_description":"My name is Alejandra Moran and I want to introduce myself as your Parent Facilitator at James Madison Elementary. I look forward in assisting families, teachers and administrators in supporting student achievement and community engagement. I am excited to be the primary link between families and school staff. I look forward to working with the [&hellip;]","og_url":"https:\/\/www.slusd.us\/madison\/families-community\/meet-our-parent-facilitator\/","og_site_name":"Madison Elementary","article_modified_time":"2023-01-13T19:34:26+00:00","og_image":[{"url":"https:\/\/www.slusd.us\/madison\/wp-content\/uploads\/sites\/4\/2021\/09\/C648A747-9C02-4A3C-94FF-798A0BB2A08E_1_105_c.jpeg","type":"","width":"","height":""}],"twitter_card":"summary_large_image","twitter_misc":{"Est. reading time":"2 minutes"},"schema":{"@context":"https:\/\/schema.org","@graph":[{"@type":"WebPage","@id":"https:\/\/www.slusd.us\/madison\/families-community\/meet-our-parent-facilitator\/","url":"https:\/\/www.slusd.us\/madison\/families-community\/meet-our-parent-facilitator\/","name":"Meet our Parent Facilitator - Madison Elementary","isPartOf":{"@id":"https:\/\/www.slusd.us\/madison\/#website"},"primaryImageOfPage":{"@id":"https:\/\/www.slusd.us\/madison\/families-community\/meet-our-parent-facilitator\/#primaryimage"},"image":{"@id":"https:\/\/www.slusd.us\/madison\/families-community\/meet-our-parent-facilitator\/#primaryimage"},"thumbnailUrl":"https:\/\/www.slusd.us\/madison\/wp-content\/uploads\/sites\/4\/2021\/09\/C648A747-9C02-4A3C-94FF-798A0BB2A08E_1_105_c.jpeg","datePublished":"2020-04-27T02:46:29+00:00","dateModified":"2023-01-13T19:34:26+00:00","breadcrumb":{"@id":"https:\/\/www.slusd.us\/madison\/families-community\/meet-our-parent-facilitator\/#breadcrumb"},"inLanguage":"en-US","potentialAction":[{"@type":"ReadAction","target":["https:\/\/www.slusd.us\/madison\/families-community\/meet-our-parent-facilitator\/"]}]},{"@type":"ImageObject","inLanguage":"en-US","@id":"https:\/\/www.slusd.us\/madison\/families-community\/meet-our-parent-facilitator\/#primaryimage","url":"https:\/\/www.slusd.us\/madison\/wp-content\/uploads\/sites\/4\/2021\/09\/C648A747-9C02-4A3C-94FF-798A0BB2A08E_1_105_c.jpeg","contentUrl":"https:\/\/www.slusd.us\/madison\/wp-content\/uploads\/sites\/4\/2021\/09\/C648A747-9C02-4A3C-94FF-798A0BB2A08E_1_105_c.jpeg","width":1024,"height":768},{"@type":"BreadcrumbList","@id":"https:\/\/www.slusd.us\/madison\/families-community\/meet-our-parent-facilitator\/#breadcrumb","itemListElement":[{"@type":"ListItem","position":1,"name":"Home","item":"https:\/\/www.slusd.us\/madison\/"},{"@type":"ListItem","position":2,"name":"Families &#038; Community","item":"https:\/\/www.slusd.us\/madison\/families-community\/"},{"@type":"ListItem","position":3,"name":"Meet our Parent Facilitator"}]},{"@type":"WebSite","@id":"https:\/\/www.slusd.us\/madison\/#website","url":"https:\/\/www.slusd.us\/madison\/","name":"Madison Elementary","description":"Attitude, Skills, Knowledge","publisher":{"@id":"https:\/\/www.slusd.us\/madison\/#organization"},"potentialAction":[{"@type":"SearchAction","target":{"@type":"EntryPoint","urlTemplate":"https:\/\/www.slusd.us\/madison\/?s={search_term_string}"},"query-input":{"@type":"PropertyValueSpecification","valueRequired":true,"valueName":"search_term_string"}}],"inLanguage":"en-US"},{"@type":"Organization","@id":"https:\/\/www.slusd.us\/madison\/#organization","name":"Madison Elementary","url":"https:\/\/www.slusd.us\/madison\/","logo":{"@type":"ImageObject","inLanguage":"en-US","@id":"https:\/\/www.slusd.us\/madison\/#\/schema\/logo\/image\/","url":"https:\/\/www.slusd.us\/madison\/wp-content\/uploads\/sites\/4\/2020\/04\/JamesMadison.png","contentUrl":"https:\/\/www.slusd.us\/madison\/wp-content\/uploads\/sites\/4\/2020\/04\/JamesMadison.png","width":104,"height":118,"caption":"Madison Elementary"},"image":{"@id":"https:\/\/www.slusd.us\/madison\/#\/schema\/logo\/image\/"}}]}},"_links":{"self":[{"href":"https:\/\/www.slusd.us\/madison\/wp-json\/wp\/v2\/pages\/83","targetHints":{"allow":["GET"]}}],"collection":[{"href":"https:\/\/www.slusd.us\/madison\/wp-json\/wp\/v2\/pages"}],"about":[{"href":"https:\/\/www.slusd.us\/madison\/wp-json\/wp\/v2\/types\/page"}],"author":[{"embeddable":true,"href":"https:\/\/www.slusd.us\/madison\/wp-json\/wp\/v2\/users\/1"}],"replies":[{"embeddable":true,"href":"https:\/\/www.slusd.us\/madison\/wp-json\/wp\/v2\/comments?post=83"}],"version-history":[{"count":10,"href":"https:\/\/www.slusd.us\/madison\/wp-json\/wp\/v2\/pages\/83\/revisions"}],"predecessor-version":[{"id":2777,"href":"https:\/\/www.slusd.us\/madison\/wp-json\/wp\/v2\/pages\/83\/revisions\/2777"}],"up":[{"embeddable":true,"href":"https:\/\/www.slusd.us\/madison\/wp-json\/wp\/v2\/pages\/76"}],"wp:attachment":[{"href":"https:\/\/www.slusd.us\/madison\/wp-json\/wp\/v2\/media?parent=83"}],"curies":[{"name":"wp","href":"https:\/\/api.w.org\/{rel}","templated":true}]}}