{"id":119,"date":"2020-04-27T02:47:06","date_gmt":"2020-04-27T02:47:06","guid":{"rendered":"http:\/\/webdemo.slusd.us\/madison\/madison-directory\/principals-biography\/"},"modified":"2022-08-03T18:08:28","modified_gmt":"2022-08-03T18:08:28","slug":"principals-biography","status":"publish","type":"page","link":"https:\/\/www.slusd.us\/madison\/madison-directory\/principals-biography\/","title":{"rendered":"Principal Smith&#8217;s Biography"},"content":{"rendered":"\t\t<div data-elementor-type=\"wp-page\" data-elementor-id=\"119\" class=\"elementor elementor-119\" data-elementor-post-type=\"page\">\n\t\t\t\t\t\t<section class=\"elementor-section elementor-top-section elementor-element elementor-element-7667b0c9 elementor-section-boxed elementor-section-height-default elementor-section-height-default\" data-id=\"7667b0c9\" data-element_type=\"section\" data-e-type=\"section\">\n\t\t\t\t\t\t<div class=\"elementor-container elementor-column-gap-default\">\n\t\t\t\t\t<div class=\"elementor-column elementor-col-100 elementor-top-column elementor-element elementor-element-357abea3\" data-id=\"357abea3\" data-element_type=\"column\" data-e-type=\"column\">\n\t\t\t<div class=\"elementor-widget-wrap elementor-element-populated\">\n\t\t\t\t\t\t<div class=\"elementor-element elementor-element-5405845b elementor-widget elementor-widget-text-editor\" data-id=\"5405845b\" data-element_type=\"widget\" data-e-type=\"widget\" data-widget_type=\"text-editor.default\">\n\t\t\t\t<div class=\"elementor-widget-container\">\n\t\t\t\t\t\t\t\t\t\n<div class=\"wp-block-columns is-layout-flex wp-container-core-columns-is-layout-28f84493 wp-block-columns-is-layout-flex\">\n<div class=\"wp-block-column is-layout-flow wp-block-column-is-layout-flow\" style=\"flex-basis:66.66%\">\n<h3 class=\"wp-block-heading\">Principal Paulette Smith <\/h3>\n\n\n\n<p><em><em>Service leadership is all about serving others with compassion and intentionality. As the Principal of Madison Elementary School, I am committed to working in partnership with the San Leandro Unified School District and the Madison Elementary School\u2019s community to achieve the strategic academic and socio-emotional goals for all students.<\/em><\/em><\/p>\n\n\n\n<p class=\"has-text-color has-background has-vivid-red-color has-cyan-bluish-gray-background-color\">James Madison Elementary is a unique and special school community!<\/p>\n<\/div>\n\n\n\n<div class=\"wp-block-column is-layout-flow wp-block-column-is-layout-flow\" style=\"flex-basis:33.33%\">\n<figure class=\"wp-block-image size-large is-style-rounded\"><img fetchpriority=\"high\" decoding=\"async\" width=\"1024\" height=\"1024\" src=\"https:\/\/www.slusd.us\/madison\/wp-content\/uploads\/sites\/4\/2020\/06\/12A73D74-FD00-41B5-AFE0-0931683F06E2-1024x1024.jpg\" alt=\"Principal Paulette Smith\" class=\"wp-image-413\" srcset=\"https:\/\/www.slusd.us\/madison\/wp-content\/uploads\/sites\/4\/2020\/06\/12A73D74-FD00-41B5-AFE0-0931683F06E2-1024x1024.jpg 1024w, https:\/\/www.slusd.us\/madison\/wp-content\/uploads\/sites\/4\/2020\/06\/12A73D74-FD00-41B5-AFE0-0931683F06E2-300x300.jpg 300w, https:\/\/www.slusd.us\/madison\/wp-content\/uploads\/sites\/4\/2020\/06\/12A73D74-FD00-41B5-AFE0-0931683F06E2-150x150.jpg 150w, https:\/\/www.slusd.us\/madison\/wp-content\/uploads\/sites\/4\/2020\/06\/12A73D74-FD00-41B5-AFE0-0931683F06E2-768x768.jpg 768w, https:\/\/www.slusd.us\/madison\/wp-content\/uploads\/sites\/4\/2020\/06\/12A73D74-FD00-41B5-AFE0-0931683F06E2-1536x1536.jpg 1536w, https:\/\/www.slusd.us\/madison\/wp-content\/uploads\/sites\/4\/2020\/06\/12A73D74-FD00-41B5-AFE0-0931683F06E2-2048x2048.jpg 2048w\" sizes=\"(max-width: 1024px) 100vw, 1024px\" \/><figcaption><strong><span class=\"has-inline-color has-very-dark-gray-color\">Principal Smith with Madison Mustang Students<\/span><\/strong><\/figcaption><\/figure>\n<\/div>\n<\/div>\n\n\n\n<p>I have had the honor of being an educator for over 18 years. I have a bachelor\u2019s degree in business and a master\u2019s degree in Educational Leadership. I started in the Oakland Unified School District, as a classroom teacher in 2001. I taught Kindergarten and 4th grade for 7 years. I worked hard to create opportunities and access for students in and out of my class. I then applied for and was accepted into the New Leaders Principal Program. I was a Principal at Joaquin Miller Elementary School in OUSD for 6 years. Through a listening campaign and relationship building our school grew in population, test scores, and community. We were a diverse school economically, racially, linguistically, and ability. We welcomed students on the autism spectrum and created supports for students in SPED. We also worked to create an inclusive school for students on the LGBTQIA spectrum. I spent 2 years as a Director of Emerging Leaders, with New Leaders. In this role, I coached teacher leaders across the Bay Area in public and charter schools. Working with these dedicated teachers was amazing. The last two years have been in administration in the San Joaquin County area. San Joaquin Elementary\/Middle School in SUSD is a very large school of 900 students. The school is located in a high trauma community. It has been an opportunity for me to implement restorative justice practices to solve conflicts and to support the growth of students academically. It is my pleasure to bring a wide breath of educational experience and knowledge to SLUSD.<\/p>\n\n\n\n<hr class=\"wp-block-separator\" \/>\n\n\n\n<h2 class=\"wp-block-heading\">Biograf\u00eda del director<\/h2>\n\n\n\n<p><em>Servir en liderazgo tiene que ver con servir a los dem\u00e1s con compasi\u00f3n e intencionalidad. Como nueva directora de la Escuela Elemental Madison, yo estoy comprometida en trabajar colaborativamente con el Distrito Escolar Unificado de San Leandro y con la comunidad de la escuela Elemental Madison para lograr objetivos estrat\u00e9gicos para todos los estudiantes.<\/em>&nbsp;<\/p>\n\n\n\n<p>He tenido el honor de ser educadora por m\u00e1s de 18 a\u00f1os. Poseo una licenciatura en negocios y una maestr\u00eda en Liderazgo Educativo. Comenc\u00e9 en el Distrito Escolar Unificado de Oakland, como maestra en 2001. Ense\u00f1\u00e9 Kindergarten y 4\u00ba grado durante 7 a\u00f1os. Trabaj\u00e9 arduamente para crear oportunidades y acceso para los estudiantes dentro y fuera de mi clase. Posteriormente, solicit\u00e9 y fui aceptada en el Programa de Nuevos Directores L\u00edderes (New Leaders Principal Program). &nbsp;Fui Directora en la Escuela Elemental Joaquin Miller en OUSD durante 6 a\u00f1os. A trav\u00e9s de una campa\u00f1a de retroalimentaci\u00f3n y formaci\u00f3n de relaciones, nuestra escuela creci\u00f3 en poblaci\u00f3n, resultados de ex\u00e1menes y comunidad. \u00c9ramos una escuela diversa econ\u00f3mica, racial, ling\u00fc\u00edsticamente y con capacidad. Dimos la bienvenida a los estudiantes en el espectro del autismo y creamos apoyos para los estudiantes en el \u00e1rea de Servicios Especiales. Tambi\u00e9n trabajamos para crear una escuela inclusiva para estudiantes en el espectro LGBTQIA. Pas\u00e9 dos a\u00f1os como Directora de L\u00edderes Emergentes, con Nuevos L\u00edderes. Durante esta gesti\u00f3n, entren\u00e9 a maestros l\u00edderes de escuelas aut\u00f3nomas y p\u00fablicas en el \u00c1rea de la Bah\u00eda. Trabajar con estos maestros dedicados fue incre\u00edble. Los \u00faltimos dos a\u00f1os he estado en administraci\u00f3n en el \u00e1rea del Condado de San Joaqu\u00edn. La Escuela Elemental\/Intermedia San Joaqu\u00edn en el Distrito Escolar Unificado de Stockton por sus sigla en Ingl\u00e9s (SUSD) es una escuela muy grande de 900 estudiantes. La escuela est\u00e1 ubicada en una comunidad con alto trauma. Esto me dio la oportunidad de implementar pr\u00e1cticas de justicia restaurativa para resolver conflictos y para apoyar el crecimiento acad\u00e9mico de los estudiantes. Es un placer para m\u00ed brindar una amplia experiencia y conocimiento educativo a SLUSD.<\/p>\n\n\n\n<hr class=\"wp-block-separator\" \/>\n\n\n\n<h2 class=\"wp-block-heading\"><strong>\u6821\u9577\u7684\u7c21\u6b77<\/strong><\/h2>\n\n\n\n<p><em>\u670d\u52d9\u9818\u5c0e\u529b\u5c31\u662f\u4ee5\u540c\u60c5\u548c\u656c\u610f\u7684\u614b\u5ea6\u70ba\u4ed6\u4eba\u670d\u52d9\u3002\u4f5c\u70baMadison\u5c0f\u5b78\u7684\u65b0\u6821\u9577\uff0c\u6211\u81f4\u529b\u65bc\u8207San Leandro\u806f\u5408\u6821\u5340\u548cMadison\u5c0f\u5b78\u793e\u5340\u5408\u4f5c\uff0c\u5be6\u73fe\u6821\u5340\u7b56\u7565\u76ee\u6a19\u7d66\u6240\u6709\u5b78\u751f\u3002<\/em><\/p>\n\n\n\n<p>\u6211\u6709\u5e78\u6210\u70ba\u4e00\u540d\u6559\u80b2\u5de5\u4f5c\u8005\u8d85\u904e18\u5e74\u3002\u6211\u64c1\u6709\u5546\u696d\u5b78\u58eb\u5b78\u4f4d\u548c\u6559\u80b2\u9818\u5c0e\u78a9\u58eb\u5b78\u4f4d\u3002\u6211\u65bc2001\u5e74\u958b\u59cb\u5728Oakland\u806f\u5408\u6821\u5340\u64d4\u4efb\u8ab2\u5802\u6559\u5e2b\u3002\u6211\u6559\u5c0e\u5e7c\u7a1a\u5712\u73ed\u548c4\u5e74\u7d1a\u751f7\u5e74\u3002\u6211\u52aa\u529b\u70ba\u5b78\u751f\u5728\u8ab2\u5802\u5167\u5916\u5275\u9020\u5b78\u7fd2\u6a5f\u6703\u3002\u53ca\u5f8c\uff0c\u6211\u7533\u8acb\u4e26\u88ab\u65b0\u9818\u8896\u6821\u9577\u8a08\u5283\u9304\u53d6\u3002\u6211\u5728OUSD\u7684Joaquin Miller\u5c0f\u5b78\u64d4\u4efb\u4e866\u5e74\u7684\u6821\u9577\u3002<\/p>\n\n\n\n<p>\u901a\u904e\u50be\u807d\u6d3b\u52d5\u548c\u5efa\u7acb\u95dc\u4fc2\uff0c\u6211\u5011\u5b78\u6821\u7684\u4eba\u53e3\uff0c\u8003\u8a66\u6210\u7e3e\u548c\u793e\u5340\u90fd\u5728\u589e\u9577\u3002\u6211\u5011\u662f\u4e00\u6240\u591a\u5143\u5316\u7684\u5b78\u6821\uff0c\u5728\u7d93\u6fdf\uff0c\u7a2e\u65cf\uff0c\u8a9e\u8a00\u548c\u80fd\u529b\u5404\u65b9\u9762\u3002\u6211\u5011\u6b61\u8fce\u6709\u81ea\u9589\u75c7\u7684\u5b78\u751f\uff0c\u4e26\u901a\u904eSPED\u70ba\u5b78\u751f\u63d0\u4f9b\u652f\u63f4\u3002\u6211\u5011\u9084\u81f4\u529b\u65bc\u70baLGBTQIA\u7684\u5b78\u751f\u5275\u5efa\u4e00\u6240\u5305\u5bb9\u6027\u7684\u5b78\u6821\u3002\u4f5c\u70ba\u65b0\u9032\u9818\u5c0e\u4eba\u4e3b\u7ba1\uff0c\u6211\u67092\u5e74\u8207\u65b0\u9818\u5c0e\u4eba\u4e00\u8d77\u5de5\u4f5c\u3002\u5728\u9019\u500b\u8077\u4f4d\u4e0a\uff0c\u6211\u6307\u5c0e\u6559\u5e2b\uff0c\u5728\u6574\u500b\u7063\u5340\u7684\u516c\u7acb\u5b78\u6821\u548c\u7279\u8a31\u5b78\u6821\u3002<\/p>\n\n\n\n<p>\u8207\u9019\u4e9b\u656c\u696d\u7684\u8001\u5e2b\u5408\u4f5c\u4ee4\u4eba\u8208\u596e\u3002\u904e\u53bb\u5169\u5e74\u6211\u4e00\u76f4\u5728San Joaquin\u7e23\u5730\u5340\u505a\u884c\u653f\u5de5\u4f5c\u3002San Joaquin\u5c0f\u5b78\/\u4e2d\u5b78\u5728SUSD\u7684\u662f\u4e00\u6240\u64c1\u6709900\u540d\u5b78\u751f\u7684\u5927\u578b\u5b78\u6821\u3002\u5b78\u6821\u4f4d\u65bc\u4e00\u500b\u6975\u5ea6\u5275\u50b7\u7684\u793e\u5340\u3002\u6211\u6709\u6a5f\u6703\u63a8\u884c\u6062\u5fa9\u6027\u53f8\u6cd5\uff0c\u4ee5\u89e3\u6c7a\u885d\u7a81\u4e26\u652f\u63f4\u5b78\u751f\u5728\u5b78\u8853\u4e0a\u6210\u9577\u3002\u6211\u5f88\u9ad8\u8208\u80fd\u628a\u6211\u7684\u5ee3\u6cdb\u6559\u80b2\u7d93\u9a57\u548c\u77e5\u8b58\u5e36\u4f86SLUSD\u3002<\/p>\n\t\t\t\t\t\t\t\t<\/div>\n\t\t\t\t<\/div>\n\t\t\t\t\t<\/div>\n\t\t<\/div>\n\t\t\t\t\t<\/div>\n\t\t<\/section>\n\t\t\t\t<\/div>\n\t\t","protected":false},"excerpt":{"rendered":"<p>Principal Paulette Smith Service leadership is all about serving others with compassion and intentionality. As the Principal of Madison Elementary School, I am committed to working in partnership with the San Leandro Unified School District and the Madison Elementary School\u2019s community to achieve the strategic academic and socio-emotional goals for all students. James Madison Elementary [&hellip;]<\/p>\n","protected":false},"author":1,"featured_media":0,"parent":95,"menu_order":0,"comment_status":"closed","ping_status":"closed","template":"","meta":{"_lmt_disableupdate":"","_lmt_disable":"","cybocfi_hide_featured_image":"","footnotes":""},"class_list":["post-119","page","type-page","status-publish","hentry"],"yoast_head":"<!-- This site is optimized with the Yoast SEO plugin v26.9 - https:\/\/yoast.com\/product\/yoast-seo-wordpress\/ -->\n<title>Principal Smith&#039;s Biography - Madison Elementary<\/title>\n<meta name=\"robots\" content=\"index, follow, max-snippet:-1, max-image-preview:large, max-video-preview:-1\" \/>\n<link rel=\"canonical\" href=\"https:\/\/www.slusd.us\/madison\/madison-directory\/principals-biography\/\" \/>\n<meta property=\"og:locale\" content=\"en_US\" \/>\n<meta property=\"og:type\" content=\"article\" \/>\n<meta property=\"og:title\" content=\"Principal Smith&#039;s Biography - Madison Elementary\" \/>\n<meta property=\"og:description\" content=\"Principal Paulette Smith Service leadership is all about serving others with compassion and intentionality. As the Principal of Madison Elementary School, I am committed to working in partnership with the San Leandro Unified School District and the Madison Elementary School\u2019s community to achieve the strategic academic and socio-emotional goals for all students. James Madison Elementary [&hellip;]\" \/>\n<meta property=\"og:url\" content=\"https:\/\/www.slusd.us\/madison\/madison-directory\/principals-biography\/\" \/>\n<meta property=\"og:site_name\" content=\"Madison Elementary\" \/>\n<meta property=\"article:modified_time\" content=\"2022-08-03T18:08:28+00:00\" \/>\n<meta property=\"og:image\" content=\"https:\/\/www.slusd.us\/madison\/wp-content\/uploads\/sites\/4\/2020\/06\/12A73D74-FD00-41B5-AFE0-0931683F06E2-1024x1024.jpg\" \/>\n<meta name=\"twitter:card\" content=\"summary_large_image\" \/>\n<meta name=\"twitter:label1\" content=\"Est. reading time\" \/>\n\t<meta name=\"twitter:data1\" content=\"4 minutes\" \/>\n<script type=\"application\/ld+json\" class=\"yoast-schema-graph\">{\"@context\":\"https:\/\/schema.org\",\"@graph\":[{\"@type\":\"WebPage\",\"@id\":\"https:\/\/www.slusd.us\/madison\/madison-directory\/principals-biography\/\",\"url\":\"https:\/\/www.slusd.us\/madison\/madison-directory\/principals-biography\/\",\"name\":\"Principal Smith's Biography - Madison Elementary\",\"isPartOf\":{\"@id\":\"https:\/\/www.slusd.us\/madison\/#website\"},\"primaryImageOfPage\":{\"@id\":\"https:\/\/www.slusd.us\/madison\/madison-directory\/principals-biography\/#primaryimage\"},\"image\":{\"@id\":\"https:\/\/www.slusd.us\/madison\/madison-directory\/principals-biography\/#primaryimage\"},\"thumbnailUrl\":\"https:\/\/www.slusd.us\/madison\/wp-content\/uploads\/sites\/4\/2020\/06\/12A73D74-FD00-41B5-AFE0-0931683F06E2-1024x1024.jpg\",\"datePublished\":\"2020-04-27T02:47:06+00:00\",\"dateModified\":\"2022-08-03T18:08:28+00:00\",\"breadcrumb\":{\"@id\":\"https:\/\/www.slusd.us\/madison\/madison-directory\/principals-biography\/#breadcrumb\"},\"inLanguage\":\"en-US\",\"potentialAction\":[{\"@type\":\"ReadAction\",\"target\":[\"https:\/\/www.slusd.us\/madison\/madison-directory\/principals-biography\/\"]}]},{\"@type\":\"ImageObject\",\"inLanguage\":\"en-US\",\"@id\":\"https:\/\/www.slusd.us\/madison\/madison-directory\/principals-biography\/#primaryimage\",\"url\":\"https:\/\/www.slusd.us\/madison\/wp-content\/uploads\/sites\/4\/2020\/06\/12A73D74-FD00-41B5-AFE0-0931683F06E2-1024x1024.jpg\",\"contentUrl\":\"https:\/\/www.slusd.us\/madison\/wp-content\/uploads\/sites\/4\/2020\/06\/12A73D74-FD00-41B5-AFE0-0931683F06E2-1024x1024.jpg\"},{\"@type\":\"BreadcrumbList\",\"@id\":\"https:\/\/www.slusd.us\/madison\/madison-directory\/principals-biography\/#breadcrumb\",\"itemListElement\":[{\"@type\":\"ListItem\",\"position\":1,\"name\":\"Home\",\"item\":\"https:\/\/www.slusd.us\/madison\/\"},{\"@type\":\"ListItem\",\"position\":2,\"name\":\"James Madison Elementary&#8217;s Mission Statement\",\"item\":\"https:\/\/www.slusd.us\/madison\/madison-directory\/\"},{\"@type\":\"ListItem\",\"position\":3,\"name\":\"Principal Smith&#8217;s Biography\"}]},{\"@type\":\"WebSite\",\"@id\":\"https:\/\/www.slusd.us\/madison\/#website\",\"url\":\"https:\/\/www.slusd.us\/madison\/\",\"name\":\"Madison Elementary\",\"description\":\"Attitude, Skills, Knowledge\",\"publisher\":{\"@id\":\"https:\/\/www.slusd.us\/madison\/#organization\"},\"potentialAction\":[{\"@type\":\"SearchAction\",\"target\":{\"@type\":\"EntryPoint\",\"urlTemplate\":\"https:\/\/www.slusd.us\/madison\/?s={search_term_string}\"},\"query-input\":{\"@type\":\"PropertyValueSpecification\",\"valueRequired\":true,\"valueName\":\"search_term_string\"}}],\"inLanguage\":\"en-US\"},{\"@type\":\"Organization\",\"@id\":\"https:\/\/www.slusd.us\/madison\/#organization\",\"name\":\"Madison Elementary\",\"url\":\"https:\/\/www.slusd.us\/madison\/\",\"logo\":{\"@type\":\"ImageObject\",\"inLanguage\":\"en-US\",\"@id\":\"https:\/\/www.slusd.us\/madison\/#\/schema\/logo\/image\/\",\"url\":\"https:\/\/www.slusd.us\/madison\/wp-content\/uploads\/sites\/4\/2020\/04\/JamesMadison.png\",\"contentUrl\":\"https:\/\/www.slusd.us\/madison\/wp-content\/uploads\/sites\/4\/2020\/04\/JamesMadison.png\",\"width\":104,\"height\":118,\"caption\":\"Madison Elementary\"},\"image\":{\"@id\":\"https:\/\/www.slusd.us\/madison\/#\/schema\/logo\/image\/\"}}]}<\/script>\n<!-- \/ Yoast SEO plugin. -->","yoast_head_json":{"title":"Principal Smith's Biography - Madison Elementary","robots":{"index":"index","follow":"follow","max-snippet":"max-snippet:-1","max-image-preview":"max-image-preview:large","max-video-preview":"max-video-preview:-1"},"canonical":"https:\/\/www.slusd.us\/madison\/madison-directory\/principals-biography\/","og_locale":"en_US","og_type":"article","og_title":"Principal Smith's Biography - Madison Elementary","og_description":"Principal Paulette Smith Service leadership is all about serving others with compassion and intentionality. As the Principal of Madison Elementary School, I am committed to working in partnership with the San Leandro Unified School District and the Madison Elementary School\u2019s community to achieve the strategic academic and socio-emotional goals for all students. James Madison Elementary [&hellip;]","og_url":"https:\/\/www.slusd.us\/madison\/madison-directory\/principals-biography\/","og_site_name":"Madison Elementary","article_modified_time":"2022-08-03T18:08:28+00:00","og_image":[{"url":"https:\/\/www.slusd.us\/madison\/wp-content\/uploads\/sites\/4\/2020\/06\/12A73D74-FD00-41B5-AFE0-0931683F06E2-1024x1024.jpg","type":"","width":"","height":""}],"twitter_card":"summary_large_image","twitter_misc":{"Est. reading time":"4 minutes"},"schema":{"@context":"https:\/\/schema.org","@graph":[{"@type":"WebPage","@id":"https:\/\/www.slusd.us\/madison\/madison-directory\/principals-biography\/","url":"https:\/\/www.slusd.us\/madison\/madison-directory\/principals-biography\/","name":"Principal Smith's Biography - Madison Elementary","isPartOf":{"@id":"https:\/\/www.slusd.us\/madison\/#website"},"primaryImageOfPage":{"@id":"https:\/\/www.slusd.us\/madison\/madison-directory\/principals-biography\/#primaryimage"},"image":{"@id":"https:\/\/www.slusd.us\/madison\/madison-directory\/principals-biography\/#primaryimage"},"thumbnailUrl":"https:\/\/www.slusd.us\/madison\/wp-content\/uploads\/sites\/4\/2020\/06\/12A73D74-FD00-41B5-AFE0-0931683F06E2-1024x1024.jpg","datePublished":"2020-04-27T02:47:06+00:00","dateModified":"2022-08-03T18:08:28+00:00","breadcrumb":{"@id":"https:\/\/www.slusd.us\/madison\/madison-directory\/principals-biography\/#breadcrumb"},"inLanguage":"en-US","potentialAction":[{"@type":"ReadAction","target":["https:\/\/www.slusd.us\/madison\/madison-directory\/principals-biography\/"]}]},{"@type":"ImageObject","inLanguage":"en-US","@id":"https:\/\/www.slusd.us\/madison\/madison-directory\/principals-biography\/#primaryimage","url":"https:\/\/www.slusd.us\/madison\/wp-content\/uploads\/sites\/4\/2020\/06\/12A73D74-FD00-41B5-AFE0-0931683F06E2-1024x1024.jpg","contentUrl":"https:\/\/www.slusd.us\/madison\/wp-content\/uploads\/sites\/4\/2020\/06\/12A73D74-FD00-41B5-AFE0-0931683F06E2-1024x1024.jpg"},{"@type":"BreadcrumbList","@id":"https:\/\/www.slusd.us\/madison\/madison-directory\/principals-biography\/#breadcrumb","itemListElement":[{"@type":"ListItem","position":1,"name":"Home","item":"https:\/\/www.slusd.us\/madison\/"},{"@type":"ListItem","position":2,"name":"James Madison Elementary&#8217;s Mission Statement","item":"https:\/\/www.slusd.us\/madison\/madison-directory\/"},{"@type":"ListItem","position":3,"name":"Principal Smith&#8217;s Biography"}]},{"@type":"WebSite","@id":"https:\/\/www.slusd.us\/madison\/#website","url":"https:\/\/www.slusd.us\/madison\/","name":"Madison Elementary","description":"Attitude, Skills, Knowledge","publisher":{"@id":"https:\/\/www.slusd.us\/madison\/#organization"},"potentialAction":[{"@type":"SearchAction","target":{"@type":"EntryPoint","urlTemplate":"https:\/\/www.slusd.us\/madison\/?s={search_term_string}"},"query-input":{"@type":"PropertyValueSpecification","valueRequired":true,"valueName":"search_term_string"}}],"inLanguage":"en-US"},{"@type":"Organization","@id":"https:\/\/www.slusd.us\/madison\/#organization","name":"Madison Elementary","url":"https:\/\/www.slusd.us\/madison\/","logo":{"@type":"ImageObject","inLanguage":"en-US","@id":"https:\/\/www.slusd.us\/madison\/#\/schema\/logo\/image\/","url":"https:\/\/www.slusd.us\/madison\/wp-content\/uploads\/sites\/4\/2020\/04\/JamesMadison.png","contentUrl":"https:\/\/www.slusd.us\/madison\/wp-content\/uploads\/sites\/4\/2020\/04\/JamesMadison.png","width":104,"height":118,"caption":"Madison Elementary"},"image":{"@id":"https:\/\/www.slusd.us\/madison\/#\/schema\/logo\/image\/"}}]}},"_links":{"self":[{"href":"https:\/\/www.slusd.us\/madison\/wp-json\/wp\/v2\/pages\/119","targetHints":{"allow":["GET"]}}],"collection":[{"href":"https:\/\/www.slusd.us\/madison\/wp-json\/wp\/v2\/pages"}],"about":[{"href":"https:\/\/www.slusd.us\/madison\/wp-json\/wp\/v2\/types\/page"}],"author":[{"embeddable":true,"href":"https:\/\/www.slusd.us\/madison\/wp-json\/wp\/v2\/users\/1"}],"replies":[{"embeddable":true,"href":"https:\/\/www.slusd.us\/madison\/wp-json\/wp\/v2\/comments?post=119"}],"version-history":[{"count":10,"href":"https:\/\/www.slusd.us\/madison\/wp-json\/wp\/v2\/pages\/119\/revisions"}],"predecessor-version":[{"id":2489,"href":"https:\/\/www.slusd.us\/madison\/wp-json\/wp\/v2\/pages\/119\/revisions\/2489"}],"up":[{"embeddable":true,"href":"https:\/\/www.slusd.us\/madison\/wp-json\/wp\/v2\/pages\/95"}],"wp:attachment":[{"href":"https:\/\/www.slusd.us\/madison\/wp-json\/wp\/v2\/media?parent=119"}],"curies":[{"name":"wp","href":"https:\/\/api.w.org\/{rel}","templated":true}]}}