{"id":64,"date":"2020-04-27T03:41:15","date_gmt":"2020-04-27T03:41:15","guid":{"rendered":"http:\/\/webdemo.slusd.us\/wilson\/wilson\/"},"modified":"2025-07-16T03:38:10","modified_gmt":"2025-07-16T03:38:10","slug":"wilson","status":"publish","type":"page","link":"https:\/\/www.slusd.us\/halkin\/wilson\/","title":{"rendered":"Halkin Elementary"},"content":{"rendered":"\t\t<div data-elementor-type=\"wp-post\" data-elementor-id=\"64\" class=\"elementor elementor-64\" data-elementor-post-type=\"page\">\n\t\t\t\t\t\t<section class=\"elementor-section elementor-top-section elementor-element elementor-element-210f458 elementor-section-boxed elementor-section-height-default elementor-section-height-default\" data-id=\"210f458\" data-element_type=\"section\" data-e-type=\"section\">\n\t\t\t\t\t\t<div class=\"elementor-container elementor-column-gap-default\">\n\t\t\t\t\t<div class=\"elementor-column elementor-col-100 elementor-top-column elementor-element elementor-element-39cc6e7\" data-id=\"39cc6e7\" data-element_type=\"column\" data-e-type=\"column\">\n\t\t\t<div class=\"elementor-widget-wrap elementor-element-populated\">\n\t\t\t\t\t\t<div class=\"elementor-element elementor-element-262671f elementor-widget elementor-widget-heading\" data-id=\"262671f\" data-element_type=\"widget\" data-e-type=\"widget\" data-widget_type=\"heading.default\">\n\t\t\t\t<div class=\"elementor-widget-container\">\n\t\t\t\t\t<h3 class=\"elementor-heading-title elementor-size-default\">A message from Principal Washington<\/h3>\t\t\t\t<\/div>\n\t\t\t\t<\/div>\n\t\t\t\t\t<\/div>\n\t\t<\/div>\n\t\t\t\t\t<\/div>\n\t\t<\/section>\n\t\t\t\t<section class=\"elementor-section elementor-top-section elementor-element elementor-element-84c9972 elementor-section-boxed elementor-section-height-default elementor-section-height-default\" data-id=\"84c9972\" data-element_type=\"section\" data-e-type=\"section\">\n\t\t\t\t\t\t<div class=\"elementor-container elementor-column-gap-default\">\n\t\t\t\t\t<div class=\"elementor-column elementor-col-100 elementor-top-column elementor-element elementor-element-402d43e\" data-id=\"402d43e\" data-element_type=\"column\" data-e-type=\"column\">\n\t\t\t<div class=\"elementor-widget-wrap elementor-element-populated\">\n\t\t\t\t\t\t<div class=\"elementor-element elementor-element-3e9a497 elementor-widget elementor-widget-text-editor\" data-id=\"3e9a497\" data-element_type=\"widget\" data-e-type=\"widget\" data-widget_type=\"text-editor.default\">\n\t\t\t\t<div class=\"elementor-widget-container\">\n\t\t\t\t\t\t\t\t\t<p><span style=\"font-weight: 400\">Dear Halkin Elementary School Community,<\/span><\/p><p><span style=\"font-weight: 400\">It is both an honor and a privilege to serve as the Principal of Halkin Elementary School\u2014home of the Dolphins\u2014for the 2025\u20132026 school year. At Halkin, we proudly serve over 750 students in grades TK through 5, guided by our core values embodied in the acronym WAVE: <\/span><i><span style=\"font-weight: 400\">We are Respectful, Act Responsibly, Value Teamwork, and Everyone\u2019s Safe.<\/span><\/i><span style=\"font-weight: 400\"> These values are supported daily by a dedicated and experienced team of educators and staff who are committed to the success of every student.<\/span><\/p><p><span style=\"font-weight: 400\">As principal, my vision is to lead through an equity lens. At Halkin, we are committed to maintaining high expectations, providing intentional support, and fostering both academic and social-emotional growth for all learners.<\/span><\/p><p><span style=\"font-weight: 400\">Anchored by the SLUSD Graduate Profile, we are focused on cultivating a college-going culture and implementing a robust multi-tiered system of support to ensure every student has the opportunity to thrive.<\/span><\/p><p><span style=\"font-weight: 400\">We deeply value our families as essential partners in education. Your involvement is at the core of our success\u2014whether through volunteering, participating in school events, or engaging with school initiatives\u2014strengthens our community and enriches our students&#8217; educational journey.<\/span><\/p><p><span style=\"font-weight: 400\">Together, we will ensure a meaningful and successful school year for every student at Halkin Elementary School.<\/span><\/p><p><span style=\"font-weight: 400\">In partnership,<\/span><span style=\"font-weight: 400\"><br \/><\/span><span style=\"font-weight: 400\">Nikki Washington, MA &amp; PHR<\/span><span style=\"font-weight: 400\"><br \/><\/span><span style=\"font-weight: 400\">Principal, Halkin Elementary School<\/span><\/p><p>\u00a0<\/p><p><span style=\"font-weight: 400\">Estimada comunidad de la Escuela Primaria Halkin,<\/span><\/p><p><span style=\"font-weight: 400\">Es un honor y un privilegio ser directora de la Escuela Primaria Halkin, sede de los Dolphins, durante el a\u00f1o escolar 2025-2026. En Halkin, nos enorgullece servir a m\u00e1s de 750 estudiantes desde k\u00ednder de transici\u00f3n hasta quinto grado, guiados por nuestros valores fundamentales, plasmados en el acr\u00f3nimo WAVE: <\/span><i><span style=\"font-weight: 400\">Somos respetuosos, Actuamos con responsabilidad, Valoramos el trabajo en equipo y Todos estamos seguros<\/span><\/i><span style=\"font-weight: 400\">. Estos valores son respaldados a diario por un equipo dedicado y experimentado de educadores y personal comprometidos con el \u00e9xito de cada estudiante.<\/span><\/p><p><span style=\"font-weight: 400\">Como directora, mi visi\u00f3n es liderar desde una perspectiva de equidad. En Halkin, nos comprometemos a mantener altas expectativas, brindar apoyo intencional y fomentar el crecimiento acad\u00e9mico y socioemocional de todos los estudiantes.<\/span><\/p><p><span style=\"font-weight: 400\">Basados en el Perfil de Graduados del SLUSD, nos enfocamos en cultivar una cultura de asistencia a la universidad e implementaci\u00f3n de un s\u00f3lido sistema de apoyo de m\u00faltiples niveles para garantizar que cada estudiante tenga la oportunidad de prosperar.<\/span><\/p><p><span style=\"font-weight: 400\">Valoramos profundamente a nuestras familias como socios esenciales en la educaci\u00f3n. Su participaci\u00f3n es fundamental para nuestro \u00e9xito \u2013ya sea a trav\u00e9s del voluntariado, participando en eventos escolares o participando en iniciativas escolares\u2013 fortaleciendo nuestra comunidad y enriqueciendo la trayectoria educativa de nuestros estudiantes.<\/span><\/p><p><span style=\"font-weight: 400\">Juntos, lograremos que este sea un a\u00f1o escolar significativo y exitoso para cada estudiante de la Escuela Primaria Halkin.<\/span><\/p><p><span style=\"font-weight: 400\">En colaboraci\u00f3n,<\/span><\/p><p><span style=\"font-weight: 400\">Nikki Washington, MA y PHR<\/span><\/p><p><span style=\"font-weight: 400\">Directora, Escuela Primaria Halkin<\/span><\/p><p>\u00a0<\/p><p><span style=\"font-weight: 400\">\u4eb2\u7231\u7684\u7684 Halkin \u5c0f\u5b66\u793e\u533a\uff1a<\/span><\/p><p><span style=\"font-weight: 400\">\u80fd\u591f\u62c5\u4efbHalkin\u5c0f\u5b66\uff08\u6d77\u8c5a\u4e4b\u5bb6\uff092025-2026\u5b66\u5e74\u7684\u6821\u957f\uff0c\u6211\u6df1\u611f\u8363\u5e78\u3002\u5728Halkin\u5c0f\u5b66\uff0c\u6211\u4eec\u81ea\u8c6a\u5730\u670d\u52a1750\u591a\u540d\u4ece\u5e7c\u513f\u56ed\u5230\u4e94\u5e74\u7ea7\u7684\u5b66\u751f\uff0c\u5e76\u4ee5\u201cWAVE\u201d\u4e3a\u6838\u5fc3\u4ef7\u503c\u89c2\uff1a\u5c0a\u91cd\u4ed6\u4eba\u3001\u884c\u52a8\u8d1f\u8d23\u3001\u91cd\u89c6\u56e2\u961f\u5408\u4f5c\u3001\u4fdd\u969c\u6bcf\u4e2a\u4eba\u7684\u5b89\u5168\u3002\u4e00\u652f\u656c\u4e1a\u4e14\u7ecf\u9a8c\u4e30\u5bcc\u7684\u6559\u80b2\u5de5\u4f5c\u8005\u548c\u5458\u5de5\u56e2\u961f\u6bcf\u5929\u90fd\u5728\u652f\u6301\u8fd9\u4e9b\u4ef7\u503c\u89c2\uff0c\u4ed6\u4eec\u81f4\u529b\u4e8e\u6bcf\u4e2a\u5b66\u751f\u7684\u6210\u529f\u3002<\/span><\/p><p><span style=\"font-weight: 400\">\u4f5c\u4e3a\u6821\u957f\uff0c\u6211\u7684\u613f\u666f\u662f\u4ee5\u516c\u5e73\u7684\u89c6\u89d2\u5f15\u9886\u5b66\u751f\u3002\u5728Halkin\u5c0f\u5b66\uff0c\u6211\u4eec\u81f4\u529b\u4e8e\u4fdd\u6301\u9ad8\u671f\u671b\uff0c\u63d0\u4f9b\u6709\u9488\u5bf9\u6027\u7684\u652f\u6301\uff0c\u5e76\u4fc3\u8fdb\u6240\u6709\u5b66\u4e60\u8005\u7684\u5b66\u4e1a\u548c\u793e\u4f1a\u60c5\u611f\u53d1\u5c55\u3002<\/span><\/p><p><span style=\"font-weight: 400\">\u4ee5 SLUSD \u6821\u533a\u6bd5\u4e1a\u751f\u7b80\u4ecb\u4e3a\u57fa\u7840\uff0c\u6211\u4eec\u81f4\u529b\u4e8e\u57f9\u517b\u5927\u5b66\u6587\u5316\u5e76\u5b9e\u65bd\u5f3a\u5927\u7684\u591a\u5c42\u6b21\u652f\u6301\u7cfb\u7edf\uff0c\u4ee5\u786e\u4fdd\u6bcf\u4e2a\u5b66\u751f\u90fd\u6709\u6210\u957f\u7684\u673a\u4f1a\u3002<\/span><\/p><p><span style=\"font-weight: 400\">\u6211\u4eec\u6df1\u5207\u91cd\u89c6\u5bb6\u5ead\uff0c\u5c06\u5176\u89c6\u4e3a\u6559\u80b2\u8fc7\u7a0b\u4e2d\u4e0d\u53ef\u6216\u7f3a\u7684\u5408\u4f5c\u4f19\u4f34\u3002\u60a8\u7684\u53c2\u4e0e\u662f\u6211\u4eec\u6210\u529f\u7684\u6838\u5fc3\u2014\u2014\u65e0\u8bba\u662f\u5fd7\u613f\u670d\u52a1\u3001\u53c2\u4e0e\u5b66\u6821\u6d3b\u52a8\uff0c\u8fd8\u662f\u79ef\u6781\u53c2\u4e0e\u5b66\u6821\u5404\u9879\u8ba1\u5212\u2014\u2014\u90fd\u80fd\u589e\u5f3a\u6211\u4eec\u7684\u793e\u533a\u51dd\u805a\u529b\uff0c\u4e30\u5bcc\u5b66\u751f\u7684\u6559\u80b2\u4e4b\u65c5\u3002<\/span><\/p><p><span style=\"font-weight: 400\">\u6211\u4eec\u5c06\u5171\u540c\u52aa\u529b\uff0c\u786e\u4fddHalkin\u5c0f\u5b66\u7684\u6bcf\u4e00\u4f4d\u5b66\u751f\u90fd\u80fd\u5ea6\u8fc7\u4e00\u4e2a\u6709\u610f\u4e49\u4e14\u6210\u529f\u7684\u5b66\u5e74\u3002<\/span><\/p><p><span style=\"font-weight: 400\">\u5408\u4f5c\u4f19\u4f34,<\/span><\/p><p><span style=\"font-weight: 400\">Nikki Washington \u4eba\u529b\u8d44\u6e90\u4e13\u4e1a\u6587\u5b66\u7855\u58eb<\/span><\/p><p><span style=\"font-weight: 400\">Halkin \u5c0f\u5b66\u6821\u957f<\/span><\/p>\t\t\t\t\t\t\t\t<\/div>\n\t\t\t\t<\/div>\n\t\t\t\t\t<\/div>\n\t\t<\/div>\n\t\t\t\t\t<\/div>\n\t\t<\/section>\n\t\t\t\t<\/div>\n\t\t","protected":false},"excerpt":{"rendered":"<p>A message from Principal Washington Dear Halkin Elementary School Community, It is both an honor and a privilege to serve as the Principal of Halkin Elementary School\u2014home of the Dolphins\u2014for the 2025\u20132026 school year. At Halkin, we proudly serve over 750 students in grades TK through 5, guided by our core values embodied in the [&hellip;]<\/p>\n","protected":false},"author":1,"featured_media":0,"parent":0,"menu_order":0,"comment_status":"closed","ping_status":"closed","template":"","meta":{"_lmt_disableupdate":"","_lmt_disable":"","cybocfi_hide_featured_image":"","footnotes":""},"class_list":["post-64","page","type-page","status-publish","hentry"],"yoast_head":"<!-- This site is optimized with the Yoast SEO plugin v27.3 - https:\/\/yoast.com\/product\/yoast-seo-wordpress\/ -->\n<title>Halkin Elementary - Halkin Elementary<\/title>\n<meta name=\"robots\" content=\"index, follow, max-snippet:-1, max-image-preview:large, max-video-preview:-1\" \/>\n<link rel=\"canonical\" href=\"https:\/\/www.slusd.us\/halkin\/wilson\/\" \/>\n<meta property=\"og:locale\" content=\"en_US\" \/>\n<meta property=\"og:type\" content=\"article\" \/>\n<meta property=\"og:title\" content=\"Halkin Elementary - Halkin Elementary\" \/>\n<meta property=\"og:description\" content=\"A message from Principal Washington Dear Halkin Elementary School Community, It is both an honor and a privilege to serve as the Principal of Halkin Elementary School\u2014home of the Dolphins\u2014for the 2025\u20132026 school year. At Halkin, we proudly serve over 750 students in grades TK through 5, guided by our core values embodied in the [&hellip;]\" \/>\n<meta property=\"og:url\" content=\"https:\/\/www.slusd.us\/halkin\/wilson\/\" \/>\n<meta property=\"og:site_name\" content=\"Halkin Elementary\" \/>\n<meta property=\"article:modified_time\" content=\"2025-07-16T03:38:10+00:00\" \/>\n<meta name=\"twitter:card\" content=\"summary_large_image\" \/>\n<meta name=\"twitter:label1\" content=\"Est. reading time\" \/>\n\t<meta name=\"twitter:data1\" content=\"3 minutes\" \/>\n<script type=\"application\/ld+json\" class=\"yoast-schema-graph\">{\"@context\":\"https:\\\/\\\/schema.org\",\"@graph\":[{\"@type\":\"WebPage\",\"@id\":\"https:\\\/\\\/www.slusd.us\\\/halkin\\\/wilson\\\/\",\"url\":\"https:\\\/\\\/www.slusd.us\\\/halkin\\\/wilson\\\/\",\"name\":\"Halkin Elementary - Halkin Elementary\",\"isPartOf\":{\"@id\":\"https:\\\/\\\/www.slusd.us\\\/halkin\\\/#website\"},\"datePublished\":\"2020-04-27T03:41:15+00:00\",\"dateModified\":\"2025-07-16T03:38:10+00:00\",\"breadcrumb\":{\"@id\":\"https:\\\/\\\/www.slusd.us\\\/halkin\\\/wilson\\\/#breadcrumb\"},\"inLanguage\":\"en-US\",\"potentialAction\":[{\"@type\":\"ReadAction\",\"target\":[\"https:\\\/\\\/www.slusd.us\\\/halkin\\\/wilson\\\/\"]}]},{\"@type\":\"BreadcrumbList\",\"@id\":\"https:\\\/\\\/www.slusd.us\\\/halkin\\\/wilson\\\/#breadcrumb\",\"itemListElement\":[{\"@type\":\"ListItem\",\"position\":1,\"name\":\"Home\",\"item\":\"https:\\\/\\\/www.slusd.us\\\/halkin\\\/\"},{\"@type\":\"ListItem\",\"position\":2,\"name\":\"Halkin Elementary\"}]},{\"@type\":\"WebSite\",\"@id\":\"https:\\\/\\\/www.slusd.us\\\/halkin\\\/#website\",\"url\":\"https:\\\/\\\/www.slusd.us\\\/halkin\\\/\",\"name\":\"Halkin Elementary\",\"description\":\"Responsive, Personalized Learning Pathways for Career and College Readiness\",\"publisher\":{\"@id\":\"https:\\\/\\\/www.slusd.us\\\/halkin\\\/#organization\"},\"potentialAction\":[{\"@type\":\"SearchAction\",\"target\":{\"@type\":\"EntryPoint\",\"urlTemplate\":\"https:\\\/\\\/www.slusd.us\\\/halkin\\\/?s={search_term_string}\"},\"query-input\":{\"@type\":\"PropertyValueSpecification\",\"valueRequired\":true,\"valueName\":\"search_term_string\"}}],\"inLanguage\":\"en-US\"},{\"@type\":\"Organization\",\"@id\":\"https:\\\/\\\/www.slusd.us\\\/halkin\\\/#organization\",\"name\":\"Halkin Elementary\",\"url\":\"https:\\\/\\\/www.slusd.us\\\/halkin\\\/\",\"logo\":{\"@type\":\"ImageObject\",\"inLanguage\":\"en-US\",\"@id\":\"https:\\\/\\\/www.slusd.us\\\/halkin\\\/#\\\/schema\\\/logo\\\/image\\\/\",\"url\":\"https:\\\/\\\/www.slusd.us\\\/halkin\\\/wp-content\\\/uploads\\\/sites\\\/10\\\/2020\\\/04\\\/cropped-wilson2.png\",\"contentUrl\":\"https:\\\/\\\/www.slusd.us\\\/halkin\\\/wp-content\\\/uploads\\\/sites\\\/10\\\/2020\\\/04\\\/cropped-wilson2.png\",\"width\":104,\"height\":90,\"caption\":\"Halkin Elementary\"},\"image\":{\"@id\":\"https:\\\/\\\/www.slusd.us\\\/halkin\\\/#\\\/schema\\\/logo\\\/image\\\/\"}}]}<\/script>\n<!-- \/ Yoast SEO plugin. -->","yoast_head_json":{"title":"Halkin Elementary - Halkin Elementary","robots":{"index":"index","follow":"follow","max-snippet":"max-snippet:-1","max-image-preview":"max-image-preview:large","max-video-preview":"max-video-preview:-1"},"canonical":"https:\/\/www.slusd.us\/halkin\/wilson\/","og_locale":"en_US","og_type":"article","og_title":"Halkin Elementary - Halkin Elementary","og_description":"A message from Principal Washington Dear Halkin Elementary School Community, It is both an honor and a privilege to serve as the Principal of Halkin Elementary School\u2014home of the Dolphins\u2014for the 2025\u20132026 school year. At Halkin, we proudly serve over 750 students in grades TK through 5, guided by our core values embodied in the [&hellip;]","og_url":"https:\/\/www.slusd.us\/halkin\/wilson\/","og_site_name":"Halkin Elementary","article_modified_time":"2025-07-16T03:38:10+00:00","twitter_card":"summary_large_image","twitter_misc":{"Est. reading time":"3 minutes"},"schema":{"@context":"https:\/\/schema.org","@graph":[{"@type":"WebPage","@id":"https:\/\/www.slusd.us\/halkin\/wilson\/","url":"https:\/\/www.slusd.us\/halkin\/wilson\/","name":"Halkin Elementary - Halkin Elementary","isPartOf":{"@id":"https:\/\/www.slusd.us\/halkin\/#website"},"datePublished":"2020-04-27T03:41:15+00:00","dateModified":"2025-07-16T03:38:10+00:00","breadcrumb":{"@id":"https:\/\/www.slusd.us\/halkin\/wilson\/#breadcrumb"},"inLanguage":"en-US","potentialAction":[{"@type":"ReadAction","target":["https:\/\/www.slusd.us\/halkin\/wilson\/"]}]},{"@type":"BreadcrumbList","@id":"https:\/\/www.slusd.us\/halkin\/wilson\/#breadcrumb","itemListElement":[{"@type":"ListItem","position":1,"name":"Home","item":"https:\/\/www.slusd.us\/halkin\/"},{"@type":"ListItem","position":2,"name":"Halkin Elementary"}]},{"@type":"WebSite","@id":"https:\/\/www.slusd.us\/halkin\/#website","url":"https:\/\/www.slusd.us\/halkin\/","name":"Halkin Elementary","description":"Responsive, Personalized Learning Pathways for Career and College Readiness","publisher":{"@id":"https:\/\/www.slusd.us\/halkin\/#organization"},"potentialAction":[{"@type":"SearchAction","target":{"@type":"EntryPoint","urlTemplate":"https:\/\/www.slusd.us\/halkin\/?s={search_term_string}"},"query-input":{"@type":"PropertyValueSpecification","valueRequired":true,"valueName":"search_term_string"}}],"inLanguage":"en-US"},{"@type":"Organization","@id":"https:\/\/www.slusd.us\/halkin\/#organization","name":"Halkin Elementary","url":"https:\/\/www.slusd.us\/halkin\/","logo":{"@type":"ImageObject","inLanguage":"en-US","@id":"https:\/\/www.slusd.us\/halkin\/#\/schema\/logo\/image\/","url":"https:\/\/www.slusd.us\/halkin\/wp-content\/uploads\/sites\/10\/2020\/04\/cropped-wilson2.png","contentUrl":"https:\/\/www.slusd.us\/halkin\/wp-content\/uploads\/sites\/10\/2020\/04\/cropped-wilson2.png","width":104,"height":90,"caption":"Halkin Elementary"},"image":{"@id":"https:\/\/www.slusd.us\/halkin\/#\/schema\/logo\/image\/"}}]}},"_links":{"self":[{"href":"https:\/\/www.slusd.us\/halkin\/wp-json\/wp\/v2\/pages\/64","targetHints":{"allow":["GET"]}}],"collection":[{"href":"https:\/\/www.slusd.us\/halkin\/wp-json\/wp\/v2\/pages"}],"about":[{"href":"https:\/\/www.slusd.us\/halkin\/wp-json\/wp\/v2\/types\/page"}],"author":[{"embeddable":true,"href":"https:\/\/www.slusd.us\/halkin\/wp-json\/wp\/v2\/users\/1"}],"replies":[{"embeddable":true,"href":"https:\/\/www.slusd.us\/halkin\/wp-json\/wp\/v2\/comments?post=64"}],"version-history":[{"count":10,"href":"https:\/\/www.slusd.us\/halkin\/wp-json\/wp\/v2\/pages\/64\/revisions"}],"predecessor-version":[{"id":4800,"href":"https:\/\/www.slusd.us\/halkin\/wp-json\/wp\/v2\/pages\/64\/revisions\/4800"}],"wp:attachment":[{"href":"https:\/\/www.slusd.us\/halkin\/wp-json\/wp\/v2\/media?parent=64"}],"curies":[{"name":"wp","href":"https:\/\/api.w.org\/{rel}","templated":true}]}}